{"id":645,"date":"2022-04-27T13:29:05","date_gmt":"2022-04-27T11:29:05","guid":{"rendered":"https:\/\/verdeinfinito.es\/?page_id=645"},"modified":"2022-06-18T13:06:06","modified_gmt":"2022-06-18T11:06:06","slug":"aviso-legal","status":"publish","type":"page","link":"https:\/\/verdeinfinito.es\/index.php\/aviso-legal\/","title":{"rendered":"Aviso legal"},"content":{"rendered":"<p>[et_pb_section fb_built=\u00bb1&#8243; _builder_version=\u00bb4.15.1&#8243; _module_preset=\u00bbdefault\u00bb global_colors_info=\u00bb{}\u00bb][et_pb_row _builder_version=\u00bb4.15.1&#8243; _module_preset=\u00bbdefault\u00bb global_colors_info=\u00bb{}\u00bb][et_pb_column type=\u00bb4_4&#8243; _builder_version=\u00bb4.15.1&#8243; _module_preset=\u00bbdefault\u00bb global_colors_info=\u00bb{}\u00bb][et_pb_text _builder_version=\u00bb4.15.1&#8243; _module_preset=\u00bbdefault\u00bb global_colors_info=\u00bb{}\u00bb]<\/p>\n<h1><strong>Aviso Legal<\/strong><\/h1>\n<p>Est\u00e1s en un espacio comprometido con los derechos de sus usuarios y por esta raz\u00f3n, tendr\u00e1s la m\u00e1xima transparencia y rigor sobre todo lo que necesitas saber sobre esta web.<\/p>\n<p>Esta web cumple rigurosamente con la Ley Org\u00e1nica 3\/2018, del 5 de diciembre, de Protecci\u00f3n de Datos Personales y garant\u00eda de los derechos digitales (LOPDGDD). Cumple tambi\u00e9n con el Reglamento (UE) 2016\/679 del Parlamento Europeo y del Consejo del 27 de abril de 2016 relativo a la protecci\u00f3n de las personas f\u00edsicas (RGPD), as\u00ed como con la Ley 34\/2002, del 11 de julio, de Servicios de la Sociedad de la Informaci\u00f3n y Comercio Electr\u00f3nico (LSSICE o LSSI).<\/p>\n<p>Los servicios y\/o productos est\u00e1n disponibles s\u00f3lo para las personas jur\u00eddicas y las personas que tengan 16 a\u00f1os.<\/p>\n<p><a name=\"_Toc503536442\"><\/a>Identificador del responsable de la web<\/p>\n<p><strong>Denominaci\u00f3n social<\/strong>: Susana Alonso Miguel<\/p>\n<p><strong>CIF\/NIF<\/strong>: \u00a050.120.909-E<\/p>\n<p><strong>Correo electr\u00f3nico<\/strong>:\u00a0\u00a0<a href=\"mailto:hello@passcambridgeexams.com\">susana@verdeinfinito.com<\/a><\/p>\n<p><strong>Domicilio social<\/strong>: Calle Doroteo Laborda 5, \u00c1tico A<\/p>\n<p><strong>Su actividad social es:<\/strong>\u00a0 Jardiner\u00eda.<\/p>\n<p>&nbsp;<\/p>\n<h2><strong>\u00bfTe preocupan tus datos personales?<\/strong><\/h2>\n<p>Lee la\u00a0<a href=\"https:\/\/verdeinfinito.es\/index.php\/politica-de-privacidad\/\">Pol\u00edtica de Privacidad.<\/a><\/p>\n<p>&nbsp;<\/p>\n<h3><strong>Compromisos y obligaciones de los usuarios<\/strong><\/h3>\n<p>El usuario queda informado, y acepta, que el acceso a la presente web no supone, en modo alguno, el inicio de una relaci\u00f3n comercial con Verde Infinito. De esta forma, el usuario se compromete a utilizar el sitio web, sus servicios y contenidos sin contravenir la legislaci\u00f3n vigente, la buena fe y el orden p\u00fablico.<\/p>\n<p>Queda prohibido el uso de la web, con fines il\u00edcitos o lesivos, o que, de cualquier forma, puedan causar perjuicio o impedir el normal funcionamiento del sitio web. Respecto de los contenidos de esta web, se proh\u00edbe:<\/p>\n<ul>\n<li>Su reproducci\u00f3n, distribuci\u00f3n o modificaci\u00f3n, total o parcial, a menos que se cuente con mi autorizaci\u00f3n como leg\u00edtimo titular;<\/li>\n<li>Cualquier vulneraci\u00f3n de los derechos del prestador o de m\u00ed como leg\u00edtimo titular;<\/li>\n<li>Su utilizaci\u00f3n para fines comerciales o publicitarios.<\/li>\n<\/ul>\n<p>En la utilizaci\u00f3n de la web www.verdeinfinito.com el usuario se compromete a no llevar a cabo ninguna conducta que pudiera da\u00f1ar la imagen, los intereses y los derechos de Verde Infinito o de terceros, o que pudiera da\u00f1ar, inutilizar o sobrecargar el portal\u00a0<a href=\"http:\/\/www.verdeinfinito.com\">www.verdeinfinito.com<\/a>, o que impidiera, de cualquier forma, la normal utilizaci\u00f3n de la web.<\/p>\n<p>No obstante, el usuario debe ser consciente de que las medidas de seguridad de los sistemas inform\u00e1ticos en Internet no son enteramente fiables y que, por tanto, www.verdeinfinito.com no puede garantizar la inexistencia de malware u otros elementos que puedan producir alteraciones en los sistemas inform\u00e1ticos (software y hardware) del usuario, o en sus documentos electr\u00f3nicos y ficheros contenidos en los mismos, aunque pongo todos los medios necesarios y las medidas de seguridad oportunas para evitar la presencia de estos elementos da\u00f1inos.<\/p>\n<p>&nbsp;<\/p>\n<h3><strong>Anuncios patrocinados, enlaces de afiliados y publicidad<\/strong><\/h3>\n<p>Esta web ofrece a los usuarios contenidos patrocinados, anuncios y\/o enlaces de afiliados.<\/p>\n<p>Los clientes no son y no se convierten, en virtud de la participaci\u00f3n de esta web en el Programa de Afiliados, en clientes de Verde Infinito.<\/p>\n<p>Todos los precios, condiciones de venta, normas, pol\u00edticas y procedimientos operativos relativos a los pedidos de los clientes, el servicio de atenci\u00f3n al cliente y las ventas de productos que se recogen en el Sitio de Amazon ser\u00e1n igualmente de aplicaci\u00f3n a los clientes de Amazon, pudiendo ser modificados en cualquier momento.<\/p>\n<p>Como tienda afiliada de Amazon, no gestionamos pedidos ni incidencias relativas a las compras que se realicen desde nuestra web utilizando nuestro enlace de afiliados, tampoco gestionamos contactos.<\/p>\n<p>La informaci\u00f3n que aparezca en estos enlaces de afiliados o los anuncios insertados, son facilitados por los propios clientes de Amazon, por lo que Susana Alonso Miguel no se hace responsable de posibles inexactitudes o errores que pudieran contener los anuncios, ni garantiza en modo alguno la experiencia, integridad o responsabilidad de los clientes de Amazon, o la calidad de sus productos.<\/p>\n<p>Los anuncios permanecer\u00e1n publicados en el portal hasta que sean eliminados o suspendidos por parte de los clientes de Amazon o de Verde Infinito, que l\u00f3gicamente no ser\u00e1 responsable de que, una vez dados de baja en sus bases de datos, los anuncios contin\u00faen siendo indexados en buscadores ajenos a este portal.<\/p>\n<p>Cualquier relaci\u00f3n contractual o extracontractual que el usuario formalice con los anunciantes, clientes de Amazon o terceras personas contactadas a trav\u00e9s de este portal se entienden realizados \u00fanica y exclusivamente entre el usuario y el anunciante y\/o tercera persona. El usuario sabe y acepta que <a href=\"http:\/\/www.verdeinfinito.com\">www.verdeinfinito.com<\/a>\u00a0\u00fanicamente act\u00faa como cauce o medio publicitario y que, por tanto, no tiene ning\u00fan tipo de responsabilidad sobre los da\u00f1os o perjuicios de cualquier naturaleza ocasionados con motivo de sus negociaciones, conversaciones y\/o relaciones contractuales o extracontractuales con los anunciantes o terceras personas f\u00edsicas o jur\u00eddicas contactadas a trav\u00e9s de este portal.<\/p>\n<p>&nbsp;<\/p>\n<h4><strong>Medidas de seguridad<\/strong><\/h4>\n<p>Los datos personales comunicados por el usuario a Verde Infinito pueden ser almacenados en bases de datos automatizadas o no, cuya titularidad corresponde en exclusiva a Susana Alonso Miguel, quien asume todas las medidas de \u00edndole t\u00e9cnica, organizativa y de seguridad que garantizan la confidencialidad, integridad y calidad de la informaci\u00f3n contenida en las mismas de acuerdo con lo establecido en la normativa vigente en protecci\u00f3n de datos.<\/p>\n<p>La comunicaci\u00f3n entre los usuarios y www.verdeinfinito.com utiliza un canal seguro, y los datos transmitidos son cifrados gracias a protocolos https, por tanto, garantizo las mejores condiciones de seguridad para que la confidencialidad de los usuarios est\u00e9 garantizada.<\/p>\n<p>&nbsp;<\/p>\n<h4><strong>Plataforma de resoluci\u00f3n de conflictos<\/strong><\/h4>\n<p>Pongo tambi\u00e9n a disposici\u00f3n de los usuarios la plataforma de resoluci\u00f3n de litigios que facilita la Comisi\u00f3n Europea y que se encuentra disponible en el siguiente enlace:\u00a0<a href=\"http:\/\/ec.europa.eu\/consumers\/odr\/\">http:\/\/ec.europa.eu\/consumers\/odr\/<\/a><\/p>\n<p>&nbsp;<\/p>\n<p><strong>Exclusi\u00f3n de garant\u00edas y responsabilidad<\/strong><\/p>\n<p>Verde Infinito no otorga ninguna garant\u00eda, ni se hace responsable, en ning\u00fan caso, de los da\u00f1os y perjuicios de cualquier naturaleza por causa de:<\/p>\n<ul>\n<li>La falta de disponibilidad, mantenimiento y efectivo funcionamiento de la web, o de sus servicios y contenidos.<\/li>\n<li>La existencia de malware, programas maliciosos o lesivos en los contenidos.<\/li>\n<li>El uso il\u00edcito, negligente, fraudulento o contrario a este Aviso Legal.<\/li>\n<li>La falta de licitud, calidad, fiabilidad, utilidad y disponibilidad de los servicios prestados por terceros y puestos a disposici\u00f3n de los usuarios en el sitio web.<\/li>\n<li>El uso ilegal o indebido de la presente p\u00e1gina web.<\/li>\n<\/ul>\n<p>&nbsp;<\/p>\n<h4><strong>\u00a0Ley aplicable y jurisdicci\u00f3n<\/strong><\/h4>\n<p>Con car\u00e1cter general, las relaciones entre Verde Infinito y los usuarios de los servicios telem\u00e1ticos presentes en esta web se encuentran sometidas a la legislaci\u00f3n y jurisdicci\u00f3n espa\u00f1olas y a los tribunales de Madrid.<\/p>\n<p>En caso de que cualquier usuario tuviese alguna duda acerca de estas condiciones legales o de cualquier otro comentario sobre el portal www.verdeinfinito.com por favor, dir\u00edjase a\u00a0<a href=\"mailto:susana@verdeinfinito.com\">susana@verdeinfinito.com<\/a>.<\/p>\n<p>El aviso legal ha sido actualizado por \u00faltima vez el 18\/6\/2022.<\/p>\n<p>[\/et_pb_text][\/et_pb_column][\/et_pb_row][\/et_pb_section]<\/p>\n","protected":false},"excerpt":{"rendered":"<p>Aviso Legal Est\u00e1s en un espacio comprometido con los derechos de sus usuarios y por esta raz\u00f3n, tendr\u00e1s la m\u00e1xima transparencia y rigor sobre todo lo que necesitas saber sobre esta web. Esta web cumple rigurosamente con la Ley Org\u00e1nica 3\/2018, del 5 de diciembre, de Protecci\u00f3n de Datos Personales y garant\u00eda de los derechos [&hellip;]<\/p>\n","protected":false},"author":2,"featured_media":0,"parent":0,"menu_order":0,"comment_status":"closed","ping_status":"closed","template":"","meta":{"_et_pb_use_builder":"on","_et_pb_old_content":"","_et_gb_content_width":"","footnotes":""},"class_list":["post-645","page","type-page","status-publish","hentry"],"_links":{"self":[{"href":"https:\/\/verdeinfinito.es\/index.php\/wp-json\/wp\/v2\/pages\/645","targetHints":{"allow":["GET"]}}],"collection":[{"href":"https:\/\/verdeinfinito.es\/index.php\/wp-json\/wp\/v2\/pages"}],"about":[{"href":"https:\/\/verdeinfinito.es\/index.php\/wp-json\/wp\/v2\/types\/page"}],"author":[{"embeddable":true,"href":"https:\/\/verdeinfinito.es\/index.php\/wp-json\/wp\/v2\/users\/2"}],"replies":[{"embeddable":true,"href":"https:\/\/verdeinfinito.es\/index.php\/wp-json\/wp\/v2\/comments?post=645"}],"version-history":[{"count":3,"href":"https:\/\/verdeinfinito.es\/index.php\/wp-json\/wp\/v2\/pages\/645\/revisions"}],"predecessor-version":[{"id":981,"href":"https:\/\/verdeinfinito.es\/index.php\/wp-json\/wp\/v2\/pages\/645\/revisions\/981"}],"wp:attachment":[{"href":"https:\/\/verdeinfinito.es\/index.php\/wp-json\/wp\/v2\/media?parent=645"}],"curies":[{"name":"wp","href":"https:\/\/api.w.org\/{rel}","templated":true}]}}