{"id":640,"date":"2022-04-27T13:16:38","date_gmt":"2022-04-27T11:16:38","guid":{"rendered":"https:\/\/verdeinfinito.es\/?page_id=640"},"modified":"2022-06-18T12:51:23","modified_gmt":"2022-06-18T10:51:23","slug":"politica-de-privacidad","status":"publish","type":"page","link":"https:\/\/verdeinfinito.es\/index.php\/politica-de-privacidad\/","title":{"rendered":"Pol\u00edtica de privacidad"},"content":{"rendered":"<p>[et_pb_section fb_built=\u00bb1&#8243; _builder_version=\u00bb4.15.1&#8243; _module_preset=\u00bbdefault\u00bb global_colors_info=\u00bb{}\u00bb][et_pb_row _builder_version=\u00bb4.15.1&#8243; _module_preset=\u00bbdefault\u00bb global_colors_info=\u00bb{}\u00bb][et_pb_column type=\u00bb4_4&#8243; _builder_version=\u00bb4.15.1&#8243; _module_preset=\u00bbdefault\u00bb global_colors_info=\u00bb{}\u00bb][et_pb_text _builder_version=\u00bb4.15.1&#8243; _module_preset=\u00bbdefault\u00bb ul_line_height=\u00bb2em\u00bb hover_enabled=\u00bb0&#8243; global_colors_info=\u00bb{}\u00bb sticky_enabled=\u00bb0&#8243;]<\/p>\n<h1><strong>Informaci\u00f3n adicional sobre protecci\u00f3n de datos<\/strong><\/h1>\n<h1>\u00a0<\/h1>\n<p>Lo que se hace y no se hace con tus datos personales en esta web lo encontrar\u00e1s aqu\u00ed.<\/p>\n<p>Esta pol\u00edtica expresa c\u00f3mo se tratar\u00e1 y proteger\u00e1 la informaci\u00f3n personal de todas las personas que se relacionan con Verde Infinito a trav\u00e9s de este sitio web. Por favor, debes leer todos los apartados del\u00a0<u>Aviso Legal<\/u>, de la\u00a0<u>pol\u00edtica de cookies<\/u>\u00a0y de la presente pol\u00edtica de privacidad antes de utilizar esta web.<\/p>\n<p>De conformidad con lo dispuesto en Reglamento UE 2016\/679, del Parlamento Europeo y del Consejo del 27 de abril de 2016 (RGPD) y la Ley Org\u00e1nica 3\/2018, del 5 de diciembre, de Protecci\u00f3n de Datos Personales y garant\u00eda de los derechos digitales, Susana Alonso Miguel, te informa de que, mediante la aceptaci\u00f3n de esta Pol\u00edtica de Privacidad, prestas tu consentimiento expreso, informado, libre e inequ\u00edvoco para que los Datos que proporcionas, y sobre los que se aplican las medidas de seguridad, t\u00e9cnicas y organizativas previstas en la normativa vigente, sean tratados por Susana Alonso Miguel, como responsable del tratamiento.<\/p>\n<p>&nbsp;<\/p>\n<h2><strong>\u00bfQui\u00e9n es el responsable de esta web?<\/strong><\/h2>\n<ul>\n<li>Identidad del Responsable: Susana Alonso Miguel<\/li>\n<li>Nombre comercial: Verde Infinito<\/li>\n<li>NIF\/CIF: 50120909E<\/li>\n<li>Direcci\u00f3n: Calle Doroteo Laborda 5, \u00c1tico A, 28021 Madrid<\/li>\n<li>Correo electr\u00f3nico:\u00a0<a href=\"mailto:susana@verdeinfinito.es\">susana@verdeinfinito.es<\/a><\/li>\n<li>Actividad: Jardiner\u00eda.<\/li>\n<\/ul>\n<p>&nbsp;<\/p>\n<h3><strong>\u00a0\u00bfQu\u00e9 datos personales se recogen en esta web?<\/strong><\/h3>\n<p>Para las finalidades establecidas en esta Pol\u00edtica de Privacidad, <strong>Verde Infinito<\/strong>\u00a0recaba y trata los Datos Personales que se detallan a continuaci\u00f3n, que depender\u00e1n de los diferentes productos o servicios que solicite en esta Web:<\/p>\n<p><strong>Datos identificativos:<\/strong>\u00a0nombre, apellidos,<\/p>\n<p><strong>Datos de contacto<\/strong>: direcci\u00f3n postal, correo electr\u00f3nico.<\/p>\n<p><strong>Datos contractuales:<\/strong>\u00a0datos de operaciones contractuales, DNI, productos y servicios adquiridos, operaciones financieras, datos de pago.<\/p>\n<p><strong>Datos navegaci\u00f3n<\/strong>: direcci\u00f3n IP, tipo e identificaci\u00f3n del dispositivo, tipo de navegador, dominio a trav\u00e9s del cual accede al Sitio Web, datos de navegaci\u00f3n, actividad en el Sitio Web.<\/p>\n<p>&nbsp;<\/p>\n<h3><strong>\u00bfCon qu\u00e9 base legal se tratan esos datos?<\/strong><\/h3>\n<p>Tratamos tus datos personales con las siguientes bases legales:<\/p>\n<ul>\n<li><strong>La\u00a0ejecuci\u00f3n de un contrato\u00a0con\u00a0Verde Infinito,\u00a0<\/strong>para la contrataci\u00f3n de servicios, publicar anuncios y gestionar los servicios solicitados.<\/li>\n<li><strong>El\u00a0consentimiento<\/strong>\u00a0del usuario\u00a0en relaci\u00f3n al contacto, la suscripci\u00f3n a contenidos y el env\u00edo de comunicaciones comerciales, v\u00eda mail, cookies o sistemas de mensajer\u00eda.<\/li>\n<li><strong>El\u00a0inter\u00e9s leg\u00edtimo<\/strong>\u00a0del responsable del tratamiento\u00a0para proteger a los usuarios de la web de\u00a0<strong>Verde Infinito<\/strong>\u00a0de abusos y fraudes en el uso de nuestros servicios.<\/li>\n<\/ul>\n<p>&nbsp;<\/p>\n<h4><strong>\u00bfCon qu\u00e9 finalidades trataremos tus datos?<\/strong><\/h4>\n<p>En esta web, existe diferentes formularios, en cada uno de ellos, la informaci\u00f3n que recoja se utilizar\u00e1 de la siguiente manera:<\/p>\n<p><strong>Formularios de suscripci\u00f3n a contenidos:\u00a0<\/strong>existen varios formularios para activar la suscripci\u00f3n. \u00a0Los datos facilitados ser\u00e1n utilizados exclusivamente para enviar la Newsletter y mantenerte actualizado sobre novedades y ofertas puntuales, exclusivas para suscriptores de <a href=\"http:\/\/www.verdeinfinito.es\">www.verdeinfinito.es<\/a><\/p>\n<p><strong>Formulario de comentarios<\/strong>: Los datos personales introducidos en el formulario para insertar estos comentarios ser\u00e1n utilizados exclusivamente para moderarlos y publicarlos.<\/p>\n<p><strong>Formulario de contacto:<\/strong>\u00a0Tambi\u00e9n existe un formulario de contacto para consultas, sugerencias o contacto profesional. En este caso se utilizar\u00e1 la direcci\u00f3n de correo electr\u00f3nico para responder a las mismas y enviar la informaci\u00f3n que el usuario requiera a trav\u00e9s de la web.<\/p>\n<p><strong>Formulario de Registro:<\/strong>\u00a0En este caso, solicitamos los siguientes datos personales: Nombre, Email, para que puedas crear una cuenta en nuestro sistema y dar acceso a sus funcionalidades.<\/p>\n<p><strong>Formulario de venta<\/strong>: Tambi\u00e9n trato datos para gestionar la compra de \u00a0compra de cursos online y clases privadas, incluyendo la gesti\u00f3n del pedido, el pago y todas las operaciones relacionadas con la contrataci\u00f3n del servicio o producto elegido. Esto incluye enviar correos electr\u00f3nicos de seguimiento, respuestas, facturas, recibos, etc.<\/p>\n<p><strong>Formulario alto afiliados<\/strong>: Solicitamos datos de afiliados, incluyendo datos de pago para gestionar el alta de afiliados y liquidar las correspondientes comisiones.<\/p>\n<p><strong>Sistemas de Descargas:<\/strong>\u00a0En esta web se pueden descargar diferentes contenidos que se incorporan peri\u00f3dicamente en formato texto, video y audio. En este caso, se requiere un correo electr\u00f3nico para activar el formulario de suscripci\u00f3n. Se utiliza su informaci\u00f3n con los fines indicados para suscriptores.<\/p>\n<p>&nbsp;<\/p>\n<h4><strong>Tiempo de conservaci\u00f3n de los datos personales<\/strong><\/h4>\n<p><strong>Datos de los Clientes:<\/strong>\u00a0El periodo de conservaci\u00f3n de los datos personales variar\u00e1 en funci\u00f3n del servicio que el cliente contrate. En cualquier caso, ser\u00e1 el m\u00ednimo necesario, pudiendo mantenerse hasta:<\/p>\n<p>4 a\u00f1os: Ley sobre Infracciones y Sanciones en el Orden Social (obligaciones en materia de afiliaci\u00f3n, altas, bajas, cotizaci\u00f3n, pago de salarios\u2026); Arts. 66 y ss. Ley General Tributaria (libros de contabilidad\u2026).<\/p>\n<p>5 a\u00f1os: Art. 1964 del C\u00f3digo Civil (acciones personales sin plazo especial).<\/p>\n<p>6 a\u00f1os: Art. 30 del C\u00f3digo de Comercio (libros de contabilidad, facturas\u2026).<\/p>\n<p>10 a\u00f1os: Art. 25 de la Ley de Prevenci\u00f3n del Blanqueo de Capitales y Financiaci\u00f3n del Terrorismo.<\/p>\n<p><strong>Datos de los suscriptores<\/strong>: Desde que el usuario se suscribe hasta que se da de baja.<\/p>\n<p><strong>Datos de potenciales clientes<\/strong>: los datos se conservar\u00e1n en todo caso durante la vigencia de la relaci\u00f3n comercial establecida y, una vez concluida, dos a\u00f1os, a menos que el usuario solicite antes su supresi\u00f3n.<\/p>\n<h4><strong>\u00bfCu\u00e1les son tus derechos en lo que concierne al uso de tus datos?<\/strong><\/h4>\n<p>Cualquier persona tiene derecho a obtener confirmaci\u00f3n sobre si en \u00a0Verde Infinito estamos tratando datos personales que le conciernen o no.<\/p>\n<p>Las personas interesadas tienen derecho a:<\/p>\n<ul>\n<li>Solicitar el acceso a los datos personales relativos al interesado.<\/li>\n<li>Solicitar su rectificaci\u00f3n o supresi\u00f3n.<\/li>\n<li>Solicitar su cancelaci\u00f3n.<\/li>\n<li>Solicitar la limitaci\u00f3n de su tratamiento.<\/li>\n<li>Oponerse al tratamiento.<\/li>\n<li>Solicitar la portabilidad de los datos.<\/li>\n<\/ul>\n<p>&nbsp;<\/p>\n<p>Si ha otorgado su consentimiento para alguna finalidad concreta, tiene derecho a retirar el consentimiento otorgado en cualquier momento, sin que ello afecte a la licitud del tratamiento basado en el consentimiento previo a su retirada.<\/p>\n<p>En caso de que sienta vulnerados sus derechos en lo concerniente a la protecci\u00f3n de sus datos personales, especialmente cuando no haya obtenido satisfacci\u00f3n en el ejercicio de sus derechos, puede presentar una reclamaci\u00f3n ante la Autoridad de Control en materia de Protecci\u00f3n de Datos competente a trav\u00e9s de su sitio web: www.agpd.es.<\/p>\n<p>Para ejercitar estos derechos, puede escribir a <a href=\"mailto:susana@verdeinfinito.es\">susana@verdeinfinito.es<\/a><\/p>\n<p><strong>Existe un formulario para el ejercicio de sus derechos<\/strong>, lo puede pedir por email o si lo prefiere, puede usar\u00a0<a href=\"https:\/\/www.aepd.es\/es\/derechos-y-deberes\/conoce-tus-derechos\">los elaborados por la Agencia Espa\u00f1ola de Protecci\u00f3n de Datos o terceros.<\/a><\/p>\n<p>Estos formularios deben ir firmados electr\u00f3nicamente o ser acompa\u00f1ados de fotocopia del DNI.<\/p>\n<p>Si le representa alguien, debe adjuntar copia de su DNI, o debe estar firmado con su firma electr\u00f3nica.<\/p>\n<p>Los formularios pueden ser presentados presencialmente, enviados por carta o por mail a la direcci\u00f3n del responsable que aparece al inicio de este texto.<\/p>\n<p>&nbsp;<\/p>\n<p><strong>Acciones de remarketing: Google Ads<\/strong><\/p>\n<p>Ads es una plataforma de Google destinada a los ANUNCIANTES que quieren publicitarse en GOOGLE. En \u00a0www.verdeinfinito.es se utiliza Google Ads, la plataforma de publicidad de Google que permite crear campa\u00f1as y anuncios para mostrarlos en otras p\u00e1ginas webs. Al generar un anuncio, se puede segmentar el p\u00fablico por:<\/p>\n<ul>\n<li>Lugar<\/li>\n<li>Datos demogr\u00e1ficos (edad, sexo, etc.)<\/li>\n<li>Intereses (actividades, aficiones, etc.)<\/li>\n<li>Lo que compran en internet y por otros canales<\/li>\n<li>Etc.<\/li>\n<\/ul>\n<p>&nbsp;<\/p>\n<p>Los datos obtenidos a trav\u00e9s de Google Ads est\u00e1n sujetos a esta pol\u00edtica de privacidad desde el momento en que el usuario deja sus datos en el formulario de esta web para unirse al bolet\u00edn de suscripciones. En ning\u00fan caso se utilizar\u00e1 la informaci\u00f3n procedente de Google con una finalidad diferente.<\/p>\n<p>&nbsp;<\/p>\n<p><strong>Facebook Ads<\/strong><\/p>\n<p>En esta web se utiliza Facebook Ads:<\/p>\n<p>Facebook Ads permite segmentar el p\u00fablico para dirigir un anuncio.<\/p>\n<p>Gracias a la funci\u00f3n de audiencias personalizadas de Facebook, se puede crear una audiencia a partir de datos de usuarios y suscriptores de esta web, como direcciones de correo electr\u00f3nico y n\u00fameros de tel\u00e9fono. Para ello, es necesario compartir las bases de datos con Facebook para, posteriormente, crear p\u00fablicos personalizados dirigiendo los anuncios a las personas con perfiles similares.<\/p>\n<p>Para la segmentaci\u00f3n de los anuncios de acuerdo con las Pol\u00edticas de Facebook\u00a0<strong>no se utiliza informaci\u00f3n personal confidencial<\/strong>\u00a0y no se comparte con terceros ni con otros anunciantes, y ser\u00e1n eliminados por Facebook en cuanto finalice dicho proceso. Adem\u00e1s, Facebook se encargar\u00e1 de asegurar la confidencialidad.<\/p>\n<p>El sistema de anuncios dise\u00f1ado por Facebook permite mostrar anuncios relevantes y\u00a0<strong>\u00fatiles sin revelar tu identidad a los anunciantes,<\/strong>\u00a0pudiendo llegar a grupos de personas con perfiles determinados.<\/p>\n<p>En cualquier momento como usuario, puedes revocar tu consentimiento a trav\u00e9s de https:\/\/www.facebook.com\/settings?tab=ads, donde puedes configurar la recepci\u00f3n de anuncios. Asimismo, puedes indicar que no quieres anuncios basado en intereses de Facebook, ni de otras empresas, a trav\u00e9s de la Alianza Europea de Publicidad Digital Interactiva (European Interactive Digital Advertising Alliance, EDAA) de Your On Line Choices (http:\/\/www.youronlinechoices.com\/es\/) o en la configuraci\u00f3n de tu ordenador o tu dispositivo m\u00f3vil.<\/p>\n<p>Para usar la funci\u00f3n de p\u00fablicos personalizados, esta web utiliza la herramienta Website Custom Audience de Facebook, que hace uso del pixel de Facebook que marca al visitante de esta p\u00e1gina web de forma anonimizada. Si deseas oponerte al uso de Website Custom Audiences de Facebook, tienes la posibilidad de hacerlo en: https:\/\/www.facebook.com\/ads\/website_custom_audiences\/.<\/p>\n<p>Para una mayor informaci\u00f3n sobre el alcance y finalidad de la recogida de los datos por parte de Facebook y su posterior tratamiento, as\u00ed como, para configurar tu privacidad debes acudir a los siguientes enlaces: https:\/\/www.facebook.com\/privacy\/explanation.<\/p>\n<p><strong>Pixel de seguimiento de conversiones de Facebook<\/strong><\/p>\n<p>Para la optimizaci\u00f3n de las campa\u00f1as publicitarias de los anuncios que se publican en Facebook, y con finalidades estad\u00edsticas, se usa el pixel de seguimiento de conversiones de Facebook Inc., 1601 s. California Ave, Palo Alto, CA 94304, que rastrea las acciones de los usuarios despu\u00e9s de hacer clic en un anuncio.<\/p>\n<p>Los datos que se obtienen a trav\u00e9s de dicho pixel son an\u00f3nimos y no hacen referencia a personas f\u00edsicas identificadas, ni se almacenan, ni se crean perfiles con sus datos personales.<\/p>\n<p>Estos datos pueden ser almacenados y tratados por Facebook, y este puede vincular estos datos con tu cuenta de Facebook y tambi\u00e9n utilizarlos para fines publicitarios propios de acuerdo con la pol\u00edtica de uso de datos de Facebook que encontrar\u00e1s en https:\/\/www.facebook.com\/about\/privacy\/, recientemente actualizada en https:\/\/www.facebook.com\/about\/privacy\/update.<\/p>\n<p>Puedes posibilitar a Facebook y a sus socios la inserci\u00f3n de anuncios publicitarios dentro y fuera de Facebook, y para estos fines puede almacenarse una cookie en tu ordenador.<\/p>\n<p><strong>Linkedin Ads<\/strong><\/p>\n<p>En \u00a0www.passcambridgeexams.com utilizamos LinkedIn Ads, la plataforma de publicidad de LinkedIn que nos permite crear campa\u00f1as y anuncios. Al generar un anuncio, se puede segmentar el p\u00fablico por:<\/p>\n<ul>\n<li>Lugar<\/li>\n<li>Datos demogr\u00e1ficos (edad, sexo, etc.)<\/li>\n<li>Intereses (actividades, aficiones, etc.)<\/li>\n<li>Lo que compran en internet y por otros canales.<\/li>\n<\/ul>\n<p>&nbsp;<\/p>\n<p>Los datos obtenidos a trav\u00e9s de LinkedIn Ads est\u00e1n sujetos a esta pol\u00edtica de privacidad desde el momento en que el usuario deja sus datos en el formulario de esta web para unirse al bolet\u00edn de suscripciones. En ning\u00fan caso se utilizar\u00e1 la informaci\u00f3n procedente de LinkedIn con una finalidad diferente.<\/p>\n<p>&nbsp;<\/p>\n<h4><strong>Notificaci\u00f3n y declaraci\u00f3n de brechas<\/strong><\/h4>\n<p><strong>Notificaci\u00f3n de seguridad y declaraci\u00f3n de brechas<\/strong><\/p>\n<p>En Susana Alonso Miguel asumimos medidas de seguridad adecuadas al nivel de riesgo para proteger la informaci\u00f3n personal contra p\u00e9rdida, uso indebido y acceso no autorizado, divulgaci\u00f3n, alteraci\u00f3n y destrucci\u00f3n, teniendo en cuenta los riesgos que conlleva el procesamiento y la naturaleza de la informaci\u00f3n personal; no obstante, si \u00a0Susana Alonso Miguel, determina que sus datos de servicios han sido malversados (incluso por un empleado de Susana Alonso Miguel \u00a0se han visto expuestos por una brecha de seguridad o adquiridos de forma incorrecta por un tercero, Susana Alonso Miguel te informar\u00e1 de inmediato de dicha brecha de seguridad, apropiaci\u00f3n o adquisici\u00f3n indebida.<\/p>\n<p>&nbsp;<\/p>\n<h4><strong>\u00bfA qu\u00e9 destinatarios se comunicar\u00e1n tus datos?<\/strong><\/h4>\n<p>Muchas herramientas utilizadas en esta web para gestionar datos son contratadas por terceros. Para prestar servicios estrictamente necesarios para el desarrollo de la actividad,\u00a0Susana Alonso Miguel comparte datos con los siguientes prestadores bajo sus correspondientes condiciones de privacidad:<\/p>\n<p>Proveedores de servicios externos (por ejemplo, servicios de procesamiento de pago, procesamiento de pedidos, an\u00e1lisis, gesti\u00f3n campa\u00f1as de marketing, gesti\u00f3n de sitios web, y distribuci\u00f3n de correo electr\u00f3nico y otros proveedores de servicios similares) a fin de que estos puedan realizar funciones comerciales en nombre de \u00a0Susana Alonso Miguel.<\/p>\n<p>Pueden tener acceso a esta web de forma ocasional la empresa de desarrollo y mantenimiento web, o la de hosting. Las mismas tienen firmado un contrato de prestaci\u00f3n de servicios que les obliga a mantener el mismo nivel de privacidad que se aplica a los tratamientos realizados en esta web.<\/p>\n<p>Cualquier transferencia internacional de datos derivada de la utilizaci\u00f3n de herramientas o proveedores de servicios, estar\u00e1 adherida al convenio Privacy Shield, que garantiza que las empresas de software americano cumplen las pol\u00edticas de protecci\u00f3n de datos europeas en materia de privacidad, secreto y seguridad de los datos.<\/p>\n<p>Concretamente esta web utiliza las siguientes herramientas:<\/p>\n<ul>\n<li>Herramienta de email marketing.<\/li>\n<li>Herramienta de facturaci\u00f3n.<\/li>\n<li>Herramientas de an\u00e1lisis<\/li>\n<li>Herramienta de chat online.<\/li>\n<\/ul>\n<p>&nbsp;<\/p>\n<h4><strong>Segmentaci\u00f3n y elaboraci\u00f3n de perfiles<\/strong><\/h4>\n<p>El registro de los datos personales aportados en el momento de suscripci\u00f3n, contacto, interacci\u00f3n con la web y cualquier otro dato facilitado durante la navegaci\u00f3n, incluyendo la informaci\u00f3n suministrada por las cookies en relaci\u00f3n a los h\u00e1bitos de navegaci\u00f3n, ser\u00e1 utilizada\u00a0 a fin de ser segmentados o categorizados con la finalidad de aplicarlos a la l\u00f3gicamente\u00a0no es responsable de que, una vez dados de baja en sus bases de datos, los anuncios contin\u00faen siendo indexados en buscadores ajenos a este portal.<\/p>\n<p>Todo usuario debe comprender que cualquier relaci\u00f3n contractual o extracontractual entre el Usuario y los anunciantes, afiliados o terceras personas contactadas a trav\u00e9s de esta web, se entienden realizados \u00fanica y exclusivamente entre el usuario y el anunciante y\/o tercera persona. \u00a0www.verdeinfinito.es \u00fanicamente act\u00faa como cauce o medio publicitario y, por tanto, no tiene ning\u00fan tipo de responsabilidad sobre los da\u00f1os o perjuicios de cualquier naturaleza ocasionados con motivo de sus negociaciones, conversaciones y\/o relaciones contractuales o extracontractuales con los anunciantes o terceras personas f\u00edsicas o jur\u00eddicas contactadas a trav\u00e9s de esta web.<\/p>\n<p>Todo usuario debe comprender que cualquier relaci\u00f3n contractual o extracontractual entre el Usuario y los anunciantes, afiliados o terceras personas contactadas a trav\u00e9s de esta web, se entienden realizados \u00fanica y exclusivamente entre el usuario y el anunciante y\/o tercera persona. \u00a0www.verdeinfinito.es \u00fanicamente act\u00faa como cauce o medio publicitario y, por tanto, no tiene ning\u00fan tipo de responsabilidad sobre los da\u00f1os o perjuicios de cualquier naturaleza ocasionados con motivo de sus negociaciones, conversaciones y\/o relaciones contractuales o extracontractuales con los anunciantes o terceras personas f\u00edsicas o jur\u00eddicas contactadas a trav\u00e9s de esta web.<\/p>\n<h4><strong>Secreto y seguridad de los datos<\/strong><\/h4>\n<p><a href=\"http:\/\/www.verdeinfinito.es\">www.verdeinfinito.es<\/a> \u00a0se compromete al uso y tratamiento de los datos personales del usuario, respetando su confidencialidad, de acuerdo con la finalidad de aquellos; as\u00ed como a dar cumplimiento a su obligaci\u00f3n de guardarlos y adaptar todas las medidas para evitar la alteraci\u00f3n, p\u00e9rdida, tratamiento o acceso no autorizado, de conformidad con lo establecido en la normativa vigente de protecci\u00f3n de datos.<\/p>\n<p>[Esta web incluye un certificado SSL. Se trata de un protocolo de seguridad que hace que tus datos viajen de manera \u00edntegra y segura; es decir, la transmisi\u00f3n de los datos entre un servidor y el usuario web, y en retroalimentaci\u00f3n es totalmente cifrada o encriptada.]<\/p>\n<p><a href=\"http:\/\/www.verdeinfinito.es\">www.verdeinfinito.es<\/a> \u00a0no puede garantizar la absoluta inexpugnabilidad de la red Internet, ni, por tanto, la violaci\u00f3n de los datos mediante accesos fraudulentos a ellos por parte de terceros.<\/p>\n<p>Con respecto a la confidencialidad del procesamiento, \u00a0Susana Alonso Miguel se asegurar\u00e1 de que cualquier persona que est\u00e9 autorizada por \u00a0Susana Alonso Miguel para procesar los datos del cliente (incluido su personal, colaboradores y prestadores), estar\u00e1 bajo la obligaci\u00f3n apropiada de confidencialidad (ya sea un deber contractual o legal).<\/p>\n<p>Cuando se presente alg\u00fan incidente de seguridad, al darse cuenta \u00a0Susana Alonso Miguel deber\u00e1 notificar al Cliente sin demoras indebidas y deber\u00e1 proporcionar informaci\u00f3n oportuna relacionada con el Incidente de Seguridad tal como se conozca, o cuando el cliente lo solicite razonablemente.<\/p>\n<h4><strong>Exactitud y veracidad de los datos<\/strong><\/h4>\n<p>Como usuario, eres el \u00fanico responsable de la veracidad y correcci\u00f3n de los datos que remitas a \u00a0<a href=\"http:\/\/www.verdeinfinito.es\">www.verdeinfinito.es<\/a>, exonerando a \u00a0Susana Alonso Miguel (Verde Infinito), de cualquier responsabilidad al respecto. Los usuarios garantizan y responden, en cualquier caso, de la exactitud, vigencia y autenticidad de los datos personales facilitados, y se comprometen a mantenerlos debidamente actualizados. El usuario acepta proporcionar informaci\u00f3n completa y correcta en el formulario de contacto o suscripci\u00f3n.<\/p>\n<p><strong>Revocabilidad<\/strong><\/p>\n<p>El consentimiento prestado, tanto para el tratamiento como para la cesi\u00f3n de los datos de los interesados, es revocable en cualquier momento comunic\u00e1ndolo a \u00a0Susana Alonso Miguel (Verde Infinito),) en los t\u00e9rminos establecidos en esta Pol\u00edtica para el ejercicio de los derechos ARCO. Esta revocaci\u00f3n en ning\u00fan caso tendr\u00e1 car\u00e1cter retroactivo.<\/p>\n<h4><strong>Cambios en la pol\u00edtica de privacidad<\/strong><\/h4>\n<p>Susana Alonso Miguel se reserva el derecho a modificar la presente pol\u00edtica para adaptarla a novedades legislativas o jurisprudenciales, as\u00ed como a pr\u00e1cticas de la industria. En dichos supuestos, anunciar\u00e1 en esta p\u00e1gina los cambios introducidos con razonable antelaci\u00f3n a su puesta en pr\u00e1ctica.<\/p>\n<p>&nbsp;<\/p>\n<p>[\/et_pb_text][\/et_pb_column][\/et_pb_row][\/et_pb_section]<\/p>\n","protected":false},"excerpt":{"rendered":"<p>Informaci\u00f3n adicional sobre protecci\u00f3n de datos \u00a0 Lo que se hace y no se hace con tus datos personales en esta web lo encontrar\u00e1s aqu\u00ed. Esta pol\u00edtica expresa c\u00f3mo se tratar\u00e1 y proteger\u00e1 la informaci\u00f3n personal de todas las personas que se relacionan con Verde Infinito a trav\u00e9s de este sitio web. Por favor, debes [&hellip;]<\/p>\n","protected":false},"author":2,"featured_media":0,"parent":0,"menu_order":0,"comment_status":"closed","ping_status":"closed","template":"","meta":{"_et_pb_use_builder":"on","_et_pb_old_content":"","_et_gb_content_width":"","footnotes":""},"class_list":["post-640","page","type-page","status-publish","hentry"],"_links":{"self":[{"href":"https:\/\/verdeinfinito.es\/index.php\/wp-json\/wp\/v2\/pages\/640","targetHints":{"allow":["GET"]}}],"collection":[{"href":"https:\/\/verdeinfinito.es\/index.php\/wp-json\/wp\/v2\/pages"}],"about":[{"href":"https:\/\/verdeinfinito.es\/index.php\/wp-json\/wp\/v2\/types\/page"}],"author":[{"embeddable":true,"href":"https:\/\/verdeinfinito.es\/index.php\/wp-json\/wp\/v2\/users\/2"}],"replies":[{"embeddable":true,"href":"https:\/\/verdeinfinito.es\/index.php\/wp-json\/wp\/v2\/comments?post=640"}],"version-history":[{"count":6,"href":"https:\/\/verdeinfinito.es\/index.php\/wp-json\/wp\/v2\/pages\/640\/revisions"}],"predecessor-version":[{"id":977,"href":"https:\/\/verdeinfinito.es\/index.php\/wp-json\/wp\/v2\/pages\/640\/revisions\/977"}],"wp:attachment":[{"href":"https:\/\/verdeinfinito.es\/index.php\/wp-json\/wp\/v2\/media?parent=640"}],"curies":[{"name":"wp","href":"https:\/\/api.w.org\/{rel}","templated":true}]}}